{"id":2,"date":"2016-05-10T03:48:21","date_gmt":"2016-05-10T03:48:21","guid":{"rendered":"http:\/\/boris-horn.de\/?page_id=2"},"modified":"2020-04-18T04:22:03","modified_gmt":"2020-04-18T04:22:03","slug":"sample-page","status":"publish","type":"page","link":"https:\/\/boris-horn.de\/","title":{"rendered":"Home"},"content":{"rendered":"\n<h1 class=\"wp-block-heading\">Gr\u00fcezi und guten Tag!<\/h1>\n\n\n<blockquote>\n<p>Vielen Dank f\u00fcr Ihr Interesse &#8211; lieber Besucher, liebe Besucherin. Diese Seite dient lediglich als Web-Visitenkarte. Zur allf\u00e4lligen Kontaktaufnahme nutzen Sie bitte die altbew\u00e4hrten Plattformen.<\/p>\n<\/blockquote>","protected":false},"excerpt":{"rendered":"<p>Gr\u00fcezi und guten Tag! Vielen Dank f\u00fcr Ihr Interesse &#8211; lieber Besucher, liebe Besucherin. Diese Seite dient lediglich als Web-Visitenkarte. Zur allf\u00e4lligen Kontaktaufnahme nutzen Sie bitte die altbew\u00e4hrten Plattformen.<\/p>\n","protected":false},"author":1,"featured_media":0,"parent":0,"menu_order":0,"comment_status":"closed","ping_status":"open","template":"","meta":{"footnotes":""},"_links":{"self":[{"href":"https:\/\/boris-horn.de\/index.php?rest_route=\/wp\/v2\/pages\/2"}],"collection":[{"href":"https:\/\/boris-horn.de\/index.php?rest_route=\/wp\/v2\/pages"}],"about":[{"href":"https:\/\/boris-horn.de\/index.php?rest_route=\/wp\/v2\/types\/page"}],"author":[{"embeddable":true,"href":"https:\/\/boris-horn.de\/index.php?rest_route=\/wp\/v2\/users\/1"}],"replies":[{"embeddable":true,"href":"https:\/\/boris-horn.de\/index.php?rest_route=%2Fwp%2Fv2%2Fcomments&post=2"}],"version-history":[{"count":5,"href":"https:\/\/boris-horn.de\/index.php?rest_route=\/wp\/v2\/pages\/2\/revisions"}],"predecessor-version":[{"id":67,"href":"https:\/\/boris-horn.de\/index.php?rest_route=\/wp\/v2\/pages\/2\/revisions\/67"}],"wp:attachment":[{"href":"https:\/\/boris-horn.de\/index.php?rest_route=%2Fwp%2Fv2%2Fmedia&parent=2"}],"curies":[{"name":"wp","href":"https:\/\/api.w.org\/{rel}","templated":true}]}}